{"id":563,"date":"2021-10-26T16:33:32","date_gmt":"2021-10-26T14:33:32","guid":{"rendered":"https:\/\/steanne-stpierre-portlouis.bzh\/college-saint-pierre\/?page_id=563"},"modified":"2024-11-27T08:26:36","modified_gmt":"2024-11-27T07:26:36","slug":"la-structure","status":"publish","type":"page","link":"https:\/\/steanne-stpierre-portlouis.bzh\/college-saint-pierre\/la-structure\/","title":{"rendered":"LA STRUCTURE"},"content":{"rendered":"\n<p class=\"has-dark-color has-text-color\">Le coll\u00e8ge Saint-Pierre est un \u00e9tablissement priv\u00e9 en contrat d\u2019association avec l\u2019Etat, qui rattach\u00e9<strong> au syst\u00e8me \u00e9ducatif fran\u00e7ais contribue aussi \u00e0 promouvoir les valeurs de l\u2019Enseignement Catholique.<\/strong> Le coll\u00e8ge accueille \u00e0 la rentr\u00e9e 2024, 479 \u00e9l\u00e8ves r\u00e9partis en 17 divisions.<\/p>\n\n\n\n<p class=\"has-dark-color has-text-color\">\u200b<\/p>\n\n\n\n<figure class=\"wp-block-table is-style-stripes\"><table class=\"has-dark-color has-very-light-gray-to-cyan-bluish-gray-gradient-background has-text-color has-background has-fixed-layout\"><thead><tr><th class=\"has-text-align-center\" data-align=\"center\">CLASSES<\/th><th class=\"has-text-align-center\" data-align=\"center\">NIVEAUX<\/th><th class=\"has-text-align-center\" data-align=\"center\">EFFECTIFS<\/th><\/tr><\/thead><tbody><tr><td class=\"has-text-align-center\" data-align=\"center\">4 CLASSES<\/td><td class=\"has-text-align-center\" data-align=\"center\">6EME<\/td><td class=\"has-text-align-center\" data-align=\"center\">121<\/td><\/tr><tr><td class=\"has-text-align-center\" data-align=\"center\">5 CLASSES<\/td><td class=\"has-text-align-center\" data-align=\"center\">5EME<\/td><td class=\"has-text-align-center\" data-align=\"center\">137<\/td><\/tr><tr><td class=\"has-text-align-center\" data-align=\"center\">4 CLASSES<\/td><td class=\"has-text-align-center\" data-align=\"center\">4EME<\/td><td class=\"has-text-align-center\" data-align=\"center\">124<\/td><\/tr><tr><td class=\"has-text-align-center\" data-align=\"center\">4 CLASSES<\/td><td class=\"has-text-align-center\" data-align=\"center\">3EME<\/td><td class=\"has-text-align-center\" data-align=\"center\">98<\/td><\/tr><\/tbody><\/table><\/figure>\n\n\n\n<p><\/p>\n","protected":false},"excerpt":{"rendered":"<p>Le coll\u00e8ge Saint-Pierre est un \u00e9tablissement priv\u00e9 en contrat d\u2019association avec l\u2019Etat, qui rattach\u00e9 au syst\u00e8me \u00e9ducatif fran\u00e7ais contribue aussi \u00e0 promouvoir les valeurs de l\u2019Enseignement Catholique. Le coll\u00e8ge accueille [&hellip;]<\/p>\n","protected":false},"author":7,"featured_media":590,"parent":0,"menu_order":0,"comment_status":"closed","ping_status":"closed","template":"","meta":{"_acf_changed":false,"footnotes":""},"class_list":["post-563","page","type-page","status-publish","has-post-thumbnail","hentry"],"acf":[],"yoast_head":"<!-- This site is optimized with the Yoast SEO plugin v27.4 - https:\/\/yoast.com\/product\/yoast-seo-wordpress\/ -->\n<title>LA STRUCTURE - Coll\u00e8ge Saint-Pierre<\/title>\n<meta name=\"robots\" content=\"index, follow, max-snippet:-1, max-image-preview:large, max-video-preview:-1\" \/>\n<link rel=\"canonical\" href=\"https:\/\/steanne-stpierre-portlouis.bzh\/college-saint-pierre\/la-structure\/\" \/>\n<meta property=\"og:locale\" content=\"fr_FR\" \/>\n<meta property=\"og:type\" content=\"article\" \/>\n<meta property=\"og:title\" content=\"LA STRUCTURE - Coll\u00e8ge Saint-Pierre\" \/>\n<meta property=\"og:description\" content=\"Le coll\u00e8ge Saint-Pierre est un \u00e9tablissement priv\u00e9 en contrat d\u2019association avec l\u2019Etat, qui rattach\u00e9 au syst\u00e8me \u00e9ducatif fran\u00e7ais contribue aussi \u00e0 promouvoir les valeurs de l\u2019Enseignement Catholique. Le coll\u00e8ge accueille [&hellip;]\" \/>\n<meta property=\"og:url\" content=\"https:\/\/steanne-stpierre-portlouis.bzh\/college-saint-pierre\/la-structure\/\" \/>\n<meta property=\"og:site_name\" content=\"Coll\u00e8ge Saint-Pierre\" \/>\n<meta property=\"article:modified_time\" content=\"2024-11-27T07:26:36+00:00\" \/>\n<meta property=\"og:image\" content=\"https:\/\/steanne-stpierre-portlouis.bzh\/college-saint-pierre\/wp-content\/uploads\/sites\/3\/2021\/10\/Remise-DNB.jpeg\" \/>\n\t<meta property=\"og:image:width\" content=\"1774\" \/>\n\t<meta property=\"og:image:height\" content=\"1002\" \/>\n\t<meta property=\"og:image:type\" content=\"image\/jpeg\" \/>\n<meta name=\"twitter:card\" content=\"summary_large_image\" \/>\n<meta name=\"twitter:label1\" content=\"Dur\u00e9e de lecture estim\u00e9e\" \/>\n\t<meta name=\"twitter:data1\" content=\"1 minute\" \/>\n<script type=\"application\/ld+json\" class=\"yoast-schema-graph\">{\"@context\":\"https:\\\/\\\/schema.org\",\"@graph\":[{\"@type\":\"WebPage\",\"@id\":\"https:\\\/\\\/steanne-stpierre-portlouis.bzh\\\/college-saint-pierre\\\/la-structure\\\/\",\"url\":\"https:\\\/\\\/steanne-stpierre-portlouis.bzh\\\/college-saint-pierre\\\/la-structure\\\/\",\"name\":\"LA STRUCTURE - Coll\u00e8ge Saint-Pierre\",\"isPartOf\":{\"@id\":\"https:\\\/\\\/steanne-stpierre-portlouis.bzh\\\/college-saint-pierre\\\/#website\"},\"primaryImageOfPage\":{\"@id\":\"https:\\\/\\\/steanne-stpierre-portlouis.bzh\\\/college-saint-pierre\\\/la-structure\\\/#primaryimage\"},\"image\":{\"@id\":\"https:\\\/\\\/steanne-stpierre-portlouis.bzh\\\/college-saint-pierre\\\/la-structure\\\/#primaryimage\"},\"thumbnailUrl\":\"https:\\\/\\\/steanne-stpierre-portlouis.bzh\\\/college-saint-pierre\\\/wp-content\\\/uploads\\\/sites\\\/3\\\/2021\\\/10\\\/Remise-DNB.jpeg\",\"datePublished\":\"2021-10-26T14:33:32+00:00\",\"dateModified\":\"2024-11-27T07:26:36+00:00\",\"breadcrumb\":{\"@id\":\"https:\\\/\\\/steanne-stpierre-portlouis.bzh\\\/college-saint-pierre\\\/la-structure\\\/#breadcrumb\"},\"inLanguage\":\"fr-FR\",\"potentialAction\":[{\"@type\":\"ReadAction\",\"target\":[\"https:\\\/\\\/steanne-stpierre-portlouis.bzh\\\/college-saint-pierre\\\/la-structure\\\/\"]}]},{\"@type\":\"ImageObject\",\"inLanguage\":\"fr-FR\",\"@id\":\"https:\\\/\\\/steanne-stpierre-portlouis.bzh\\\/college-saint-pierre\\\/la-structure\\\/#primaryimage\",\"url\":\"https:\\\/\\\/steanne-stpierre-portlouis.bzh\\\/college-saint-pierre\\\/wp-content\\\/uploads\\\/sites\\\/3\\\/2021\\\/10\\\/Remise-DNB.jpeg\",\"contentUrl\":\"https:\\\/\\\/steanne-stpierre-portlouis.bzh\\\/college-saint-pierre\\\/wp-content\\\/uploads\\\/sites\\\/3\\\/2021\\\/10\\\/Remise-DNB.jpeg\",\"width\":1774,\"height\":1002},{\"@type\":\"BreadcrumbList\",\"@id\":\"https:\\\/\\\/steanne-stpierre-portlouis.bzh\\\/college-saint-pierre\\\/la-structure\\\/#breadcrumb\",\"itemListElement\":[{\"@type\":\"ListItem\",\"position\":1,\"name\":\"Accueil\",\"item\":\"https:\\\/\\\/steanne-stpierre-portlouis.bzh\\\/college-saint-pierre\\\/\"},{\"@type\":\"ListItem\",\"position\":2,\"name\":\"LA STRUCTURE\"}]},{\"@type\":\"WebSite\",\"@id\":\"https:\\\/\\\/steanne-stpierre-portlouis.bzh\\\/college-saint-pierre\\\/#website\",\"url\":\"https:\\\/\\\/steanne-stpierre-portlouis.bzh\\\/college-saint-pierre\\\/\",\"name\":\"Coll\u00e8ge Saint-Pierre\",\"description\":\"Un site utilisant Ensemble scolaire Port Louis\",\"publisher\":{\"@id\":\"https:\\\/\\\/steanne-stpierre-portlouis.bzh\\\/college-saint-pierre\\\/#organization\"},\"potentialAction\":[{\"@type\":\"SearchAction\",\"target\":{\"@type\":\"EntryPoint\",\"urlTemplate\":\"https:\\\/\\\/steanne-stpierre-portlouis.bzh\\\/college-saint-pierre\\\/?s={search_term_string}\"},\"query-input\":{\"@type\":\"PropertyValueSpecification\",\"valueRequired\":true,\"valueName\":\"search_term_string\"}}],\"inLanguage\":\"fr-FR\"},{\"@type\":\"Organization\",\"@id\":\"https:\\\/\\\/steanne-stpierre-portlouis.bzh\\\/college-saint-pierre\\\/#organization\",\"name\":\"Coll\u00e8ge Saint-Pierre\",\"url\":\"https:\\\/\\\/steanne-stpierre-portlouis.bzh\\\/college-saint-pierre\\\/\",\"logo\":{\"@type\":\"ImageObject\",\"inLanguage\":\"fr-FR\",\"@id\":\"https:\\\/\\\/steanne-stpierre-portlouis.bzh\\\/college-saint-pierre\\\/#\\\/schema\\\/logo\\\/image\\\/\",\"url\":\"https:\\\/\\\/steanne-stpierre-portlouis.bzh\\\/college-saint-pierre\\\/wp-content\\\/uploads\\\/sites\\\/3\\\/2021\\\/05\\\/logo-stpierre.png\",\"contentUrl\":\"https:\\\/\\\/steanne-stpierre-portlouis.bzh\\\/college-saint-pierre\\\/wp-content\\\/uploads\\\/sites\\\/3\\\/2021\\\/05\\\/logo-stpierre.png\",\"width\":246,\"height\":187,\"caption\":\"Coll\u00e8ge Saint-Pierre\"},\"image\":{\"@id\":\"https:\\\/\\\/steanne-stpierre-portlouis.bzh\\\/college-saint-pierre\\\/#\\\/schema\\\/logo\\\/image\\\/\"}}]}<\/script>\n<!-- \/ Yoast SEO plugin. -->","yoast_head_json":{"title":"LA STRUCTURE - Coll\u00e8ge Saint-Pierre","robots":{"index":"index","follow":"follow","max-snippet":"max-snippet:-1","max-image-preview":"max-image-preview:large","max-video-preview":"max-video-preview:-1"},"canonical":"https:\/\/steanne-stpierre-portlouis.bzh\/college-saint-pierre\/la-structure\/","og_locale":"fr_FR","og_type":"article","og_title":"LA STRUCTURE - Coll\u00e8ge Saint-Pierre","og_description":"Le coll\u00e8ge Saint-Pierre est un \u00e9tablissement priv\u00e9 en contrat d\u2019association avec l\u2019Etat, qui rattach\u00e9 au syst\u00e8me \u00e9ducatif fran\u00e7ais contribue aussi \u00e0 promouvoir les valeurs de l\u2019Enseignement Catholique. Le coll\u00e8ge accueille [&hellip;]","og_url":"https:\/\/steanne-stpierre-portlouis.bzh\/college-saint-pierre\/la-structure\/","og_site_name":"Coll\u00e8ge Saint-Pierre","article_modified_time":"2024-11-27T07:26:36+00:00","og_image":[{"width":1774,"height":1002,"url":"https:\/\/steanne-stpierre-portlouis.bzh\/college-saint-pierre\/wp-content\/uploads\/sites\/3\/2021\/10\/Remise-DNB.jpeg","type":"image\/jpeg"}],"twitter_card":"summary_large_image","twitter_misc":{"Dur\u00e9e de lecture estim\u00e9e":"1 minute"},"schema":{"@context":"https:\/\/schema.org","@graph":[{"@type":"WebPage","@id":"https:\/\/steanne-stpierre-portlouis.bzh\/college-saint-pierre\/la-structure\/","url":"https:\/\/steanne-stpierre-portlouis.bzh\/college-saint-pierre\/la-structure\/","name":"LA STRUCTURE - Coll\u00e8ge Saint-Pierre","isPartOf":{"@id":"https:\/\/steanne-stpierre-portlouis.bzh\/college-saint-pierre\/#website"},"primaryImageOfPage":{"@id":"https:\/\/steanne-stpierre-portlouis.bzh\/college-saint-pierre\/la-structure\/#primaryimage"},"image":{"@id":"https:\/\/steanne-stpierre-portlouis.bzh\/college-saint-pierre\/la-structure\/#primaryimage"},"thumbnailUrl":"https:\/\/steanne-stpierre-portlouis.bzh\/college-saint-pierre\/wp-content\/uploads\/sites\/3\/2021\/10\/Remise-DNB.jpeg","datePublished":"2021-10-26T14:33:32+00:00","dateModified":"2024-11-27T07:26:36+00:00","breadcrumb":{"@id":"https:\/\/steanne-stpierre-portlouis.bzh\/college-saint-pierre\/la-structure\/#breadcrumb"},"inLanguage":"fr-FR","potentialAction":[{"@type":"ReadAction","target":["https:\/\/steanne-stpierre-portlouis.bzh\/college-saint-pierre\/la-structure\/"]}]},{"@type":"ImageObject","inLanguage":"fr-FR","@id":"https:\/\/steanne-stpierre-portlouis.bzh\/college-saint-pierre\/la-structure\/#primaryimage","url":"https:\/\/steanne-stpierre-portlouis.bzh\/college-saint-pierre\/wp-content\/uploads\/sites\/3\/2021\/10\/Remise-DNB.jpeg","contentUrl":"https:\/\/steanne-stpierre-portlouis.bzh\/college-saint-pierre\/wp-content\/uploads\/sites\/3\/2021\/10\/Remise-DNB.jpeg","width":1774,"height":1002},{"@type":"BreadcrumbList","@id":"https:\/\/steanne-stpierre-portlouis.bzh\/college-saint-pierre\/la-structure\/#breadcrumb","itemListElement":[{"@type":"ListItem","position":1,"name":"Accueil","item":"https:\/\/steanne-stpierre-portlouis.bzh\/college-saint-pierre\/"},{"@type":"ListItem","position":2,"name":"LA STRUCTURE"}]},{"@type":"WebSite","@id":"https:\/\/steanne-stpierre-portlouis.bzh\/college-saint-pierre\/#website","url":"https:\/\/steanne-stpierre-portlouis.bzh\/college-saint-pierre\/","name":"Coll\u00e8ge Saint-Pierre","description":"Un site utilisant Ensemble scolaire Port Louis","publisher":{"@id":"https:\/\/steanne-stpierre-portlouis.bzh\/college-saint-pierre\/#organization"},"potentialAction":[{"@type":"SearchAction","target":{"@type":"EntryPoint","urlTemplate":"https:\/\/steanne-stpierre-portlouis.bzh\/college-saint-pierre\/?s={search_term_string}"},"query-input":{"@type":"PropertyValueSpecification","valueRequired":true,"valueName":"search_term_string"}}],"inLanguage":"fr-FR"},{"@type":"Organization","@id":"https:\/\/steanne-stpierre-portlouis.bzh\/college-saint-pierre\/#organization","name":"Coll\u00e8ge Saint-Pierre","url":"https:\/\/steanne-stpierre-portlouis.bzh\/college-saint-pierre\/","logo":{"@type":"ImageObject","inLanguage":"fr-FR","@id":"https:\/\/steanne-stpierre-portlouis.bzh\/college-saint-pierre\/#\/schema\/logo\/image\/","url":"https:\/\/steanne-stpierre-portlouis.bzh\/college-saint-pierre\/wp-content\/uploads\/sites\/3\/2021\/05\/logo-stpierre.png","contentUrl":"https:\/\/steanne-stpierre-portlouis.bzh\/college-saint-pierre\/wp-content\/uploads\/sites\/3\/2021\/05\/logo-stpierre.png","width":246,"height":187,"caption":"Coll\u00e8ge Saint-Pierre"},"image":{"@id":"https:\/\/steanne-stpierre-portlouis.bzh\/college-saint-pierre\/#\/schema\/logo\/image\/"}}]}},"_links":{"self":[{"href":"https:\/\/steanne-stpierre-portlouis.bzh\/college-saint-pierre\/wp-json\/wp\/v2\/pages\/563","targetHints":{"allow":["GET"]}}],"collection":[{"href":"https:\/\/steanne-stpierre-portlouis.bzh\/college-saint-pierre\/wp-json\/wp\/v2\/pages"}],"about":[{"href":"https:\/\/steanne-stpierre-portlouis.bzh\/college-saint-pierre\/wp-json\/wp\/v2\/types\/page"}],"author":[{"embeddable":true,"href":"https:\/\/steanne-stpierre-portlouis.bzh\/college-saint-pierre\/wp-json\/wp\/v2\/users\/7"}],"replies":[{"embeddable":true,"href":"https:\/\/steanne-stpierre-portlouis.bzh\/college-saint-pierre\/wp-json\/wp\/v2\/comments?post=563"}],"version-history":[{"count":19,"href":"https:\/\/steanne-stpierre-portlouis.bzh\/college-saint-pierre\/wp-json\/wp\/v2\/pages\/563\/revisions"}],"predecessor-version":[{"id":2176,"href":"https:\/\/steanne-stpierre-portlouis.bzh\/college-saint-pierre\/wp-json\/wp\/v2\/pages\/563\/revisions\/2176"}],"wp:featuredmedia":[{"embeddable":true,"href":"https:\/\/steanne-stpierre-portlouis.bzh\/college-saint-pierre\/wp-json\/wp\/v2\/media\/590"}],"wp:attachment":[{"href":"https:\/\/steanne-stpierre-portlouis.bzh\/college-saint-pierre\/wp-json\/wp\/v2\/media?parent=563"}],"curies":[{"name":"wp","href":"https:\/\/api.w.org\/{rel}","templated":true}]}}