{"id":262,"date":"2021-10-26T11:55:45","date_gmt":"2021-10-26T09:55:45","guid":{"rendered":"https:\/\/steanne-stpierre-portlouis.bzh\/ecole-sainte-anne\/?page_id=262"},"modified":"2021-12-07T14:08:52","modified_gmt":"2021-12-07T13:08:52","slug":"ogec","status":"publish","type":"page","link":"https:\/\/steanne-stpierre-portlouis.bzh\/ecole-sainte-anne\/associations\/ogec\/","title":{"rendered":"OGEC"},"content":{"rendered":"\n<h3 class=\"wp-block-heading\">D\u00e9finition<\/h3>\n\n\n\n<p class=\"has-light-color has-text-color has-background has-larger-font-size\" style=\"background-color:#6daec9\"><strong>L\u2019OGEC \u2014 Organisme de Gestion de l\u2019Enseignement Catholique \u2014 est une association Loi de 1901 voulue par l\u2019Enseignement catholique pour \u00eatre au service de l\u2019\u00e9tablissement d\u2019enseignement en lui donnant une existence juridique et la personnalit\u00e9 morale.<\/strong><\/p>\n\n\n\n<h3 class=\"wp-block-heading\">Les missions de l\u2019OGEC<\/h3>\n\n\n\n<p>Responsable de la gestion de l\u2019\u00e9tablissement, l\u2019OGEC assure :<\/p>\n\n\n\n<ul class=\"wp-block-list\"><li>la gestion financi\u00e8re et comptable de l\u2019\u00e9tablissement<\/li><\/ul>\n\n\n\n<p>L\u2019OGEC d\u00e9lib\u00e8re sur le budget pr\u00e9sent\u00e9 par le chef d\u2019\u00e9tablissement et en arr\u00eate les modalit\u00e9s d\u2019application. Il en suit r\u00e9guli\u00e8rement l\u2019ex\u00e9cution, fixe les montants des contributions, des participations des familles, les prix de la restauration, de l\u2019h\u00e9bergement, etc.<\/p>\n\n\n\n<ul class=\"wp-block-list\"><li>l\u2019entretien du patrimoine immobilier et mobilier<\/li><\/ul>\n\n\n\n<p>L\u2019OGEC a la charge de l\u2019entretien des b\u00e2timents scolaires (respect des r\u00e8gles d\u2019hygi\u00e8ne, de la s\u00e9curit\u00e9 et de la mise aux normes, acquisitions et ali\u00e9nations des biens n\u00e9cessaires\u2026).<\/p>\n\n\n\n<ul class=\"wp-block-list\"><li>la fonction employeur des personnels non enseignants<\/li><\/ul>\n\n\n\n<p>L\u2019OGEC est l\u2019employeur l\u00e9gal des tous les personnels qu\u2019il r\u00e9mun\u00e8re directement. Il est responsable de l\u2019application de la l\u00e9gislation sociale et des conventions collectives.<br>En pratique, c\u2019est le chef d\u2019\u00e9tablissement qui , apr\u00e8s d\u00e9l\u00e9gation de pouvoirs et en accord avec le Conseil d\u2019Administration, recrute le personnel et en assure le management.<\/p>\n\n\n\n<h3 class=\"wp-block-heading\">Les membres de l\u2019OGEC<\/h3>\n\n\n\n<p>L\u2019OGEC est compos\u00e9 de membres, b\u00e9n\u00e9voles et \u00e9lus, qui apportent leur exp\u00e9rience de gestionnaire pour veiller au bon fonctionnement juridique et financier de l\u2019\u00e9tablissement dans le respect des orientations de l\u2019enseignement catholique.<\/p>\n\n\n\n<p class=\"has-text-align-center has-black-color has-text-color has-background has-larger-font-size\" style=\"background-color:#9fdaf3\"><strong>Composition de l&rsquo;OGEC de l&rsquo;ensemble scolaire <\/strong> <\/p>\n\n\n\n<ul class=\"has-background has-large-font-size wp-block-list\" style=\"background-color:#52b9e5\"><li>Mr GAUBERT Emile (pr\u00e9sident)<\/li><\/ul>\n\n\n\n<ul class=\"has-light-background-color has-background has-large-font-size wp-block-list\"><li>Mme COCHARD Fran\u00e7oise (tr\u00e9sori\u00e8re)<\/li><\/ul>\n\n\n\n<ul class=\"has-background has-large-font-size wp-block-list\" style=\"background-color:#a9d7ea\"><li>Mme LE GALL Gw\u00e9na\u00eblle (tr\u00e9sori\u00e8re adjointe)<\/li><\/ul>\n\n\n\n<ul class=\"has-gris-background-color has-background has-large-font-size wp-block-list\"><li>Mr CORVEC Dominique (secr\u00e9taire)<\/li><\/ul>\n\n\n\n<p><\/p>\n","protected":false},"excerpt":{"rendered":"<p>D\u00e9finition L\u2019OGEC \u2014 Organisme de Gestion de l\u2019Enseignement Catholique \u2014 est une association Loi de 1901 voulue par l\u2019Enseignement catholique pour \u00eatre au service de l\u2019\u00e9tablissement d\u2019enseignement en lui donnant [&hellip;]<\/p>\n","protected":false},"author":3,"featured_media":0,"parent":13,"menu_order":0,"comment_status":"closed","ping_status":"closed","template":"","meta":{"_acf_changed":false,"footnotes":""},"class_list":["post-262","page","type-page","status-publish","hentry"],"acf":[],"yoast_head":"<!-- This site is optimized with the Yoast SEO plugin v27.4 - https:\/\/yoast.com\/product\/yoast-seo-wordpress\/ -->\n<title>OGEC - \u00c9cole Sainte-Anne<\/title>\n<meta name=\"description\" content=\"OGEC (Organisme de Gestion de l\u2019Enseignement Catholique) est une association qui permet d&#039;\u00eatre au service de l\u2019\u00e9tablissement d\u2019enseignement.\" \/>\n<meta name=\"robots\" content=\"index, follow, max-snippet:-1, max-image-preview:large, max-video-preview:-1\" \/>\n<link rel=\"canonical\" href=\"https:\/\/steanne-stpierre-portlouis.bzh\/ecole-sainte-anne\/associations\/ogec\/\" \/>\n<meta property=\"og:locale\" content=\"fr_FR\" \/>\n<meta property=\"og:type\" content=\"article\" \/>\n<meta property=\"og:title\" content=\"OGEC - \u00c9cole Sainte-Anne\" \/>\n<meta property=\"og:description\" content=\"OGEC (Organisme de Gestion de l\u2019Enseignement Catholique) est une association qui permet d&#039;\u00eatre au service de l\u2019\u00e9tablissement d\u2019enseignement.\" \/>\n<meta property=\"og:url\" content=\"https:\/\/steanne-stpierre-portlouis.bzh\/ecole-sainte-anne\/associations\/ogec\/\" \/>\n<meta property=\"og:site_name\" content=\"\u00c9cole Sainte-Anne\" \/>\n<meta property=\"article:modified_time\" content=\"2021-12-07T13:08:52+00:00\" \/>\n<meta name=\"twitter:card\" content=\"summary_large_image\" \/>\n<meta name=\"twitter:label1\" content=\"Dur\u00e9e de lecture estim\u00e9e\" \/>\n\t<meta name=\"twitter:data1\" content=\"2 minutes\" \/>\n<script type=\"application\/ld+json\" class=\"yoast-schema-graph\">{\"@context\":\"https:\\\/\\\/schema.org\",\"@graph\":[{\"@type\":\"WebPage\",\"@id\":\"https:\\\/\\\/steanne-stpierre-portlouis.bzh\\\/ecole-sainte-anne\\\/associations\\\/ogec\\\/\",\"url\":\"https:\\\/\\\/steanne-stpierre-portlouis.bzh\\\/ecole-sainte-anne\\\/associations\\\/ogec\\\/\",\"name\":\"OGEC - \u00c9cole Sainte-Anne\",\"isPartOf\":{\"@id\":\"https:\\\/\\\/steanne-stpierre-portlouis.bzh\\\/ecole-sainte-anne\\\/#website\"},\"datePublished\":\"2021-10-26T09:55:45+00:00\",\"dateModified\":\"2021-12-07T13:08:52+00:00\",\"description\":\"OGEC (Organisme de Gestion de l\u2019Enseignement Catholique) est une association qui permet d'\u00eatre au service de l\u2019\u00e9tablissement d\u2019enseignement.\",\"breadcrumb\":{\"@id\":\"https:\\\/\\\/steanne-stpierre-portlouis.bzh\\\/ecole-sainte-anne\\\/associations\\\/ogec\\\/#breadcrumb\"},\"inLanguage\":\"fr-FR\",\"potentialAction\":[{\"@type\":\"ReadAction\",\"target\":[\"https:\\\/\\\/steanne-stpierre-portlouis.bzh\\\/ecole-sainte-anne\\\/associations\\\/ogec\\\/\"]}]},{\"@type\":\"BreadcrumbList\",\"@id\":\"https:\\\/\\\/steanne-stpierre-portlouis.bzh\\\/ecole-sainte-anne\\\/associations\\\/ogec\\\/#breadcrumb\",\"itemListElement\":[{\"@type\":\"ListItem\",\"position\":1,\"name\":\"Accueil\",\"item\":\"https:\\\/\\\/steanne-stpierre-portlouis.bzh\\\/ecole-sainte-anne\\\/\"},{\"@type\":\"ListItem\",\"position\":2,\"name\":\"Associations\",\"item\":\"https:\\\/\\\/steanne-stpierre-portlouis.bzh\\\/ecole-sainte-anne\\\/associations\\\/\"},{\"@type\":\"ListItem\",\"position\":3,\"name\":\"OGEC\"}]},{\"@type\":\"WebSite\",\"@id\":\"https:\\\/\\\/steanne-stpierre-portlouis.bzh\\\/ecole-sainte-anne\\\/#website\",\"url\":\"https:\\\/\\\/steanne-stpierre-portlouis.bzh\\\/ecole-sainte-anne\\\/\",\"name\":\"\u00c9cole Sainte-Anne\",\"description\":\"Un site utilisant Ensemble scolaire Port Louis\",\"publisher\":{\"@id\":\"https:\\\/\\\/steanne-stpierre-portlouis.bzh\\\/ecole-sainte-anne\\\/#organization\"},\"potentialAction\":[{\"@type\":\"SearchAction\",\"target\":{\"@type\":\"EntryPoint\",\"urlTemplate\":\"https:\\\/\\\/steanne-stpierre-portlouis.bzh\\\/ecole-sainte-anne\\\/?s={search_term_string}\"},\"query-input\":{\"@type\":\"PropertyValueSpecification\",\"valueRequired\":true,\"valueName\":\"search_term_string\"}}],\"inLanguage\":\"fr-FR\"},{\"@type\":\"Organization\",\"@id\":\"https:\\\/\\\/steanne-stpierre-portlouis.bzh\\\/ecole-sainte-anne\\\/#organization\",\"name\":\"\u00c9cole Sainte-Anne\",\"url\":\"https:\\\/\\\/steanne-stpierre-portlouis.bzh\\\/ecole-sainte-anne\\\/\",\"logo\":{\"@type\":\"ImageObject\",\"inLanguage\":\"fr-FR\",\"@id\":\"https:\\\/\\\/steanne-stpierre-portlouis.bzh\\\/ecole-sainte-anne\\\/#\\\/schema\\\/logo\\\/image\\\/\",\"url\":\"https:\\\/\\\/steanne-stpierre-portlouis.bzh\\\/ecole-sainte-anne\\\/wp-content\\\/uploads\\\/sites\\\/2\\\/2021\\\/05\\\/logo-steanne.png\",\"contentUrl\":\"https:\\\/\\\/steanne-stpierre-portlouis.bzh\\\/ecole-sainte-anne\\\/wp-content\\\/uploads\\\/sites\\\/2\\\/2021\\\/05\\\/logo-steanne.png\",\"width\":246,\"height\":187,\"caption\":\"\u00c9cole Sainte-Anne\"},\"image\":{\"@id\":\"https:\\\/\\\/steanne-stpierre-portlouis.bzh\\\/ecole-sainte-anne\\\/#\\\/schema\\\/logo\\\/image\\\/\"}}]}<\/script>\n<!-- \/ Yoast SEO plugin. -->","yoast_head_json":{"title":"OGEC - \u00c9cole Sainte-Anne","description":"OGEC (Organisme de Gestion de l\u2019Enseignement Catholique) est une association qui permet d'\u00eatre au service de l\u2019\u00e9tablissement d\u2019enseignement.","robots":{"index":"index","follow":"follow","max-snippet":"max-snippet:-1","max-image-preview":"max-image-preview:large","max-video-preview":"max-video-preview:-1"},"canonical":"https:\/\/steanne-stpierre-portlouis.bzh\/ecole-sainte-anne\/associations\/ogec\/","og_locale":"fr_FR","og_type":"article","og_title":"OGEC - \u00c9cole Sainte-Anne","og_description":"OGEC (Organisme de Gestion de l\u2019Enseignement Catholique) est une association qui permet d'\u00eatre au service de l\u2019\u00e9tablissement d\u2019enseignement.","og_url":"https:\/\/steanne-stpierre-portlouis.bzh\/ecole-sainte-anne\/associations\/ogec\/","og_site_name":"\u00c9cole Sainte-Anne","article_modified_time":"2021-12-07T13:08:52+00:00","twitter_card":"summary_large_image","twitter_misc":{"Dur\u00e9e de lecture estim\u00e9e":"2 minutes"},"schema":{"@context":"https:\/\/schema.org","@graph":[{"@type":"WebPage","@id":"https:\/\/steanne-stpierre-portlouis.bzh\/ecole-sainte-anne\/associations\/ogec\/","url":"https:\/\/steanne-stpierre-portlouis.bzh\/ecole-sainte-anne\/associations\/ogec\/","name":"OGEC - \u00c9cole Sainte-Anne","isPartOf":{"@id":"https:\/\/steanne-stpierre-portlouis.bzh\/ecole-sainte-anne\/#website"},"datePublished":"2021-10-26T09:55:45+00:00","dateModified":"2021-12-07T13:08:52+00:00","description":"OGEC (Organisme de Gestion de l\u2019Enseignement Catholique) est une association qui permet d'\u00eatre au service de l\u2019\u00e9tablissement d\u2019enseignement.","breadcrumb":{"@id":"https:\/\/steanne-stpierre-portlouis.bzh\/ecole-sainte-anne\/associations\/ogec\/#breadcrumb"},"inLanguage":"fr-FR","potentialAction":[{"@type":"ReadAction","target":["https:\/\/steanne-stpierre-portlouis.bzh\/ecole-sainte-anne\/associations\/ogec\/"]}]},{"@type":"BreadcrumbList","@id":"https:\/\/steanne-stpierre-portlouis.bzh\/ecole-sainte-anne\/associations\/ogec\/#breadcrumb","itemListElement":[{"@type":"ListItem","position":1,"name":"Accueil","item":"https:\/\/steanne-stpierre-portlouis.bzh\/ecole-sainte-anne\/"},{"@type":"ListItem","position":2,"name":"Associations","item":"https:\/\/steanne-stpierre-portlouis.bzh\/ecole-sainte-anne\/associations\/"},{"@type":"ListItem","position":3,"name":"OGEC"}]},{"@type":"WebSite","@id":"https:\/\/steanne-stpierre-portlouis.bzh\/ecole-sainte-anne\/#website","url":"https:\/\/steanne-stpierre-portlouis.bzh\/ecole-sainte-anne\/","name":"\u00c9cole Sainte-Anne","description":"Un site utilisant Ensemble scolaire Port Louis","publisher":{"@id":"https:\/\/steanne-stpierre-portlouis.bzh\/ecole-sainte-anne\/#organization"},"potentialAction":[{"@type":"SearchAction","target":{"@type":"EntryPoint","urlTemplate":"https:\/\/steanne-stpierre-portlouis.bzh\/ecole-sainte-anne\/?s={search_term_string}"},"query-input":{"@type":"PropertyValueSpecification","valueRequired":true,"valueName":"search_term_string"}}],"inLanguage":"fr-FR"},{"@type":"Organization","@id":"https:\/\/steanne-stpierre-portlouis.bzh\/ecole-sainte-anne\/#organization","name":"\u00c9cole Sainte-Anne","url":"https:\/\/steanne-stpierre-portlouis.bzh\/ecole-sainte-anne\/","logo":{"@type":"ImageObject","inLanguage":"fr-FR","@id":"https:\/\/steanne-stpierre-portlouis.bzh\/ecole-sainte-anne\/#\/schema\/logo\/image\/","url":"https:\/\/steanne-stpierre-portlouis.bzh\/ecole-sainte-anne\/wp-content\/uploads\/sites\/2\/2021\/05\/logo-steanne.png","contentUrl":"https:\/\/steanne-stpierre-portlouis.bzh\/ecole-sainte-anne\/wp-content\/uploads\/sites\/2\/2021\/05\/logo-steanne.png","width":246,"height":187,"caption":"\u00c9cole Sainte-Anne"},"image":{"@id":"https:\/\/steanne-stpierre-portlouis.bzh\/ecole-sainte-anne\/#\/schema\/logo\/image\/"}}]}},"_links":{"self":[{"href":"https:\/\/steanne-stpierre-portlouis.bzh\/ecole-sainte-anne\/wp-json\/wp\/v2\/pages\/262","targetHints":{"allow":["GET"]}}],"collection":[{"href":"https:\/\/steanne-stpierre-portlouis.bzh\/ecole-sainte-anne\/wp-json\/wp\/v2\/pages"}],"about":[{"href":"https:\/\/steanne-stpierre-portlouis.bzh\/ecole-sainte-anne\/wp-json\/wp\/v2\/types\/page"}],"author":[{"embeddable":true,"href":"https:\/\/steanne-stpierre-portlouis.bzh\/ecole-sainte-anne\/wp-json\/wp\/v2\/users\/3"}],"replies":[{"embeddable":true,"href":"https:\/\/steanne-stpierre-portlouis.bzh\/ecole-sainte-anne\/wp-json\/wp\/v2\/comments?post=262"}],"version-history":[{"count":4,"href":"https:\/\/steanne-stpierre-portlouis.bzh\/ecole-sainte-anne\/wp-json\/wp\/v2\/pages\/262\/revisions"}],"predecessor-version":[{"id":605,"href":"https:\/\/steanne-stpierre-portlouis.bzh\/ecole-sainte-anne\/wp-json\/wp\/v2\/pages\/262\/revisions\/605"}],"up":[{"embeddable":true,"href":"https:\/\/steanne-stpierre-portlouis.bzh\/ecole-sainte-anne\/wp-json\/wp\/v2\/pages\/13"}],"wp:attachment":[{"href":"https:\/\/steanne-stpierre-portlouis.bzh\/ecole-sainte-anne\/wp-json\/wp\/v2\/media?parent=262"}],"curies":[{"name":"wp","href":"https:\/\/api.w.org\/{rel}","templated":true}]}}